{"id":18,"date":"2025-08-04T13:32:32","date_gmt":"2025-08-04T13:32:32","guid":{"rendered":"https:\/\/dummy.xtemos.com\/woodmart2\/pets-elementor\/?page_id=18"},"modified":"2025-12-11T00:35:21","modified_gmt":"2025-12-11T00:35:21","slug":"about-us","status":"publish","type":"page","link":"https:\/\/libreriajustojuez.com\/en\/about-us\/","title":{"rendered":"Sobre nosotros"},"content":{"rendered":"<div data-elementor-type=\"wp-page\" data-elementor-id=\"18\" class=\"elementor elementor-18\" data-elementor-post-type=\"page\">\n\t\t\t\t<div class=\"wd-negative-gap elementor-element elementor-element-027f74a wd-section-stretch e-flex e-con-boxed e-con e-parent\" data-id=\"027f74a\" data-element_type=\"container\" data-settings=\"{&quot;background_background&quot;:&quot;classic&quot;}\">\n\t\t\t\t\t<div class=\"e-con-inner\">\n\t\t\t\t<div class=\"elementor-element elementor-element-dd3bafa wd-el-page-heading text-left elementor-widget elementor-widget-wd_page_heading\" data-id=\"dd3bafa\" data-element_type=\"widget\" data-widget_type=\"wd_page_heading.default\">\n\t\t\t\t<div class=\"elementor-widget-container\">\n\t\t\t\t\t<h2 class=\"entry-title title\">Sobre nosotros<\/h2>\t\t\t\t<\/div>\n\t\t\t\t<\/div>\n\t\t\t\t<div class=\"elementor-element elementor-element-d41ec81 wd-el-breadcrumbs text-left elementor-widget elementor-widget-wd_element_breadcrumbs\" data-id=\"d41ec81\" data-element_type=\"widget\" data-widget_type=\"wd_element_breadcrumbs.default\">\n\t\t\t\t<div class=\"elementor-widget-container\">\n\t\t\t\t\t<nav class=\"wd-breadcrumbs\"><a href=\"https:\/\/libreriajustojuez.com\/en\/\">Home<\/a><span class=\"wd-delimiter\"><\/span><span class=\"wd-last\">Page<\/span><\/nav>\t\t\t\t<\/div>\n\t\t\t\t<\/div>\n\t\t\t\t\t<\/div>\n\t\t\t\t<\/div>\n\t\t<div class=\"wd-negative-gap elementor-element elementor-element-10a5fc4 e-flex e-con-boxed e-con e-parent\" data-id=\"10a5fc4\" data-element_type=\"container\" data-settings=\"{&quot;background_background&quot;:&quot;classic&quot;}\">\n\t\t\t\t\t<div class=\"e-con-inner\">\n\t\t<div class=\"elementor-element elementor-element-8f6003d e-con-full e-flex e-con e-child\" data-id=\"8f6003d\" data-element_type=\"container\" data-settings=\"{&quot;background_background&quot;:&quot;classic&quot;}\">\n\t\t\t\t<\/div>\n\t\t<div class=\"elementor-element elementor-element-1454eb1 e-con-full color-scheme-light e-flex e-con e-child\" data-id=\"1454eb1\" data-element_type=\"container\">\n\t\t\t\t<div class=\"elementor-element elementor-element-eeb1441 wd-width-100 elementor-widget elementor-widget-wd_title\" data-id=\"eeb1441\" data-element_type=\"widget\" data-widget_type=\"wd_title.default\">\n\t\t\t\t<div class=\"elementor-widget-container\">\n\t\t\t\t\t\t\t<div class=\"title-wrapper wd-set-mb reset-last-child wd-title-color-default wd-title-style-default wd-title-size-default text-left\">\n\n\t\t\t\n\t\t\t<div class=\"liner-continer\">\n\t\t\t\t<h4 class=\"woodmart-title-container title wd-fontsize-l\">Librer\u00eda Justo Juez, mucho m\u00e1s que una librer\u00eda<br \/>\n<\/h4> \n\t\t\t\t\t\t\t<\/div>\n\n\t\t\t\t\t<\/div>\n\t\t\t\t\t\t<\/div>\n\t\t\t\t<\/div>\n\t\t\t\t<div class=\"elementor-element elementor-element-23aacc8 elementor-widget elementor-widget-wd_text_block\" data-id=\"23aacc8\" data-element_type=\"widget\" data-widget_type=\"wd_text_block.default\">\n\t\t\t\t<div class=\"elementor-widget-container\">\n\t\t\t\t\t\t\t<div class=\"wd-text-block reset-last-child text-left\">\n\t\t\t\n\t\t\t<p>Librer\u00eda Justo Juez nace con el deseo de acompa\u00f1ar el estudio, el trabajo y los sue\u00f1os de las familias guatemaltecas. Somos una librer\u00eda completa: \u00fatiles escolares, papeler\u00eda, libros, arte, oficina y muchos otros productos que facilitan el d\u00eda a d\u00eda en el aula, en casa y en el trabajo.<\/p>\n\t\t\t\t\t<\/div>\n\t\t\t\t\t\t<\/div>\n\t\t\t\t<\/div>\n\t\t\t\t<\/div>\n\t\t\t\t\t<\/div>\n\t\t\t\t<\/div>\n\t\t<div class=\"wd-negative-gap elementor-element elementor-element-820c6fa e-flex e-con-boxed e-con e-parent\" data-id=\"820c6fa\" data-element_type=\"container\">\n\t\t\t\t\t<div class=\"e-con-inner\">\n\t\t<div class=\"elementor-element elementor-element-76d9d9e e-con-full e-flex e-con e-child\" data-id=\"76d9d9e\" data-element_type=\"container\">\n\t\t\t\t<div class=\"elementor-element elementor-element-74b337c elementor-widget elementor-widget-wd_image_or_svg\" data-id=\"74b337c\" data-element_type=\"widget\" data-widget_type=\"wd_image_or_svg.default\">\n\t\t\t\t<div class=\"elementor-widget-container\">\n\t\t\t\t\t\n\t\t<div class=\"wd-image text-left\">\n\t\t\t\t\t\t\t\t<img loading=\"lazy\" decoding=\"async\" width=\"826\" height=\"553\" src=\"https:\/\/libreriajustojuez.com\/wp-content\/uploads\/2025\/12\/Ofrecer-un-buen-servicio-y-atencion-al-cliente.webp\" class=\"attachment-full size-full\" alt=\"\" srcset=\"https:\/\/libreriajustojuez.com\/wp-content\/uploads\/2025\/12\/Ofrecer-un-buen-servicio-y-atencion-al-cliente.webp 826w, https:\/\/libreriajustojuez.com\/wp-content\/uploads\/2025\/12\/Ofrecer-un-buen-servicio-y-atencion-al-cliente-800x536.webp 800w, https:\/\/libreriajustojuez.com\/wp-content\/uploads\/2025\/12\/Ofrecer-un-buen-servicio-y-atencion-al-cliente-400x268.webp 400w, https:\/\/libreriajustojuez.com\/wp-content\/uploads\/2025\/12\/Ofrecer-un-buen-servicio-y-atencion-al-cliente-768x514.webp 768w, https:\/\/libreriajustojuez.com\/wp-content\/uploads\/2025\/12\/Ofrecer-un-buen-servicio-y-atencion-al-cliente-18x12.webp 18w\" sizes=\"auto, (max-width: 826px) 100vw, 826px\" \/>\t\t\t\t\t<\/div>\n\n\t\t\t\t\t\t<\/div>\n\t\t\t\t<\/div>\n\t\t\t\t<\/div>\n\t\t<div class=\"elementor-element elementor-element-e131762 e-con-full e-flex e-con e-child\" data-id=\"e131762\" data-element_type=\"container\">\n\t\t\t\t<div class=\"elementor-element elementor-element-22f2166 elementor-widget elementor-widget-wd_image_or_svg\" data-id=\"22f2166\" data-element_type=\"widget\" data-widget_type=\"wd_image_or_svg.default\">\n\t\t\t\t<div class=\"elementor-widget-container\">\n\t\t\t\t\t\n\t\t<div class=\"wd-image text-left\">\n\t\t\t\t\t\t\t\t<img decoding=\"async\"  src=\"https:\/\/libreriajustojuez.com\/wp-content\/uploads\/2025\/08\/pt-support-min.svg\" title=\"pt-support-min\" loading=\"lazy\" width=\"64\" height=\"64\">\t\t\t\t\t<\/div>\n\n\t\t\t\t\t\t<\/div>\n\t\t\t\t<\/div>\n\t\t\t\t<div class=\"elementor-element elementor-element-902975d wd-width-100 elementor-widget elementor-widget-wd_title\" data-id=\"902975d\" data-element_type=\"widget\" data-widget_type=\"wd_title.default\">\n\t\t\t\t<div class=\"elementor-widget-container\">\n\t\t\t\t\t\t\t<div class=\"title-wrapper wd-set-mb reset-last-child wd-title-color-default wd-title-style-default wd-title-size-default text-left\">\n\n\t\t\t\n\t\t\t<div class=\"liner-continer\">\n\t\t\t\t<h4 class=\"woodmart-title-container title wd-fontsize-l\">Atenci\u00f3n cercana y personalizada<\/h4> \n\t\t\t\t\t\t\t<\/div>\n\n\t\t\t\t\t\t\t<div class=\"title-after_title reset-last-child wd-fontsize-xs\">\n\t\t\t\t\t<p>\u00a0<\/p><p>En Librer\u00eda Justo Juez sabemos que armar una lista de \u00fatiles, equipar una oficina o elegir el material adecuado puede tomar tiempo. Por eso te atendemos con cercan\u00eda y paciencia, ya sea en el local o por nuestros canales de contacto, para ayudarte a escoger exactamente lo que necesit\u00e1s.<\/p>\t\t\t\t<\/div>\n\t\t\t\t\t<\/div>\n\t\t\t\t\t\t<\/div>\n\t\t\t\t<\/div>\n\t\t<div class=\"elementor-element elementor-element-56c48ce e-con-full e-flex e-con e-child\" data-id=\"56c48ce\" data-element_type=\"container\">\n\t\t\t\t<\/div>\n\t\t\t\t<\/div>\n\t\t\t\t\t<\/div>\n\t\t\t\t<\/div>\n\t\t<div class=\"wd-negative-gap elementor-element elementor-element-b53ea43 e-flex e-con-boxed e-con e-parent\" data-id=\"b53ea43\" data-element_type=\"container\">\n\t\t\t\t\t<div class=\"e-con-inner\">\n\t\t<div class=\"elementor-element elementor-element-e5f2cb6 e-con-full e-flex e-con e-child\" data-id=\"e5f2cb6\" data-element_type=\"container\">\n\t\t\t\t<div class=\"elementor-element elementor-element-e0db2e5 elementor-widget elementor-widget-wd_image_or_svg\" data-id=\"e0db2e5\" data-element_type=\"widget\" data-widget_type=\"wd_image_or_svg.default\">\n\t\t\t\t<div class=\"elementor-widget-container\">\n\t\t\t\t\t\n\t\t<div class=\"wd-image text-left\">\n\t\t\t\t\t\t\t\t<img decoding=\"async\"  src=\"https:\/\/libreriajustojuez.com\/wp-content\/uploads\/2025\/08\/pt-free-delivery-min.svg\" title=\"pt-free-delivery-min\" loading=\"lazy\" width=\"64\" height=\"64\">\t\t\t\t\t<\/div>\n\n\t\t\t\t\t\t<\/div>\n\t\t\t\t<\/div>\n\t\t\t\t<div class=\"elementor-element elementor-element-a5a3374 wd-width-100 elementor-widget elementor-widget-wd_title\" data-id=\"a5a3374\" data-element_type=\"widget\" data-widget_type=\"wd_title.default\">\n\t\t\t\t<div class=\"elementor-widget-container\">\n\t\t\t\t\t\t\t<div class=\"title-wrapper wd-set-mb reset-last-child wd-title-color-default wd-title-style-default wd-title-size-default text-left\">\n\n\t\t\t\n\t\t\t<div class=\"liner-continer\">\n\t\t\t\t<h4 class=\"woodmart-title-container title wd-fontsize-l\">Compra f\u00e1cil, recoge o coordina tu pedido<\/h4> \n\t\t\t\t\t\t\t<\/div>\n\n\t\t\t\t\t\t\t<div class=\"title-after_title reset-last-child wd-fontsize-xs\">\n\t\t\t\t\t<p>\u00a0<\/p><p>Nos adaptamos a la forma en que prefer\u00eds comprar. Pod\u00e9s visitar la librer\u00eda, hacer tu pedido por tel\u00e9fono o WhatsApp y coordinar la preparaci\u00f3n de tus productos para pasar a recogerlos o consultar por opciones de entrega seg\u00fan tu ubicaci\u00f3n. Queremos que conseguir tus \u00fatiles y papeler\u00eda sea lo m\u00e1s sencillo posible.<\/p>\t\t\t\t<\/div>\n\t\t\t\t\t<\/div>\n\t\t\t\t\t\t<\/div>\n\t\t\t\t<\/div>\n\t\t\t\t<\/div>\n\t\t<div class=\"elementor-element elementor-element-7c1872d e-con-full e-flex e-con e-child\" data-id=\"7c1872d\" data-element_type=\"container\">\n\t\t\t\t<div class=\"elementor-element elementor-element-2eb735c elementor-widget elementor-widget-wd_image_or_svg\" data-id=\"2eb735c\" data-element_type=\"widget\" data-widget_type=\"wd_image_or_svg.default\">\n\t\t\t\t<div class=\"elementor-widget-container\">\n\t\t\t\t\t\n\t\t<div class=\"wd-image text-left\">\n\t\t\t\t\t\t\t\t<img loading=\"lazy\" decoding=\"async\" width=\"1493\" height=\"826\" src=\"https:\/\/libreriajustojuez.com\/wp-content\/uploads\/2025\/12\/20230828_1541050-edited.jpg\" class=\"attachment-full size-full\" alt=\"\" srcset=\"https:\/\/libreriajustojuez.com\/wp-content\/uploads\/2025\/12\/20230828_1541050-edited.jpg 1493w, https:\/\/libreriajustojuez.com\/wp-content\/uploads\/2025\/12\/20230828_1541050-edited-800x443.jpg 800w, https:\/\/libreriajustojuez.com\/wp-content\/uploads\/2025\/12\/20230828_1541050-edited-900x498.jpg 900w, https:\/\/libreriajustojuez.com\/wp-content\/uploads\/2025\/12\/20230828_1541050-edited-400x221.jpg 400w, https:\/\/libreriajustojuez.com\/wp-content\/uploads\/2025\/12\/20230828_1541050-edited-1300x719.jpg 1300w, https:\/\/libreriajustojuez.com\/wp-content\/uploads\/2025\/12\/20230828_1541050-edited-768x425.jpg 768w, https:\/\/libreriajustojuez.com\/wp-content\/uploads\/2025\/12\/20230828_1541050-edited-18x10.jpg 18w\" sizes=\"auto, (max-width: 1493px) 100vw, 1493px\" \/>\t\t\t\t\t<\/div>\n\n\t\t\t\t\t\t<\/div>\n\t\t\t\t<\/div>\n\t\t\t\t<\/div>\n\t\t\t\t\t<\/div>\n\t\t\t\t<\/div>\n\t\t<div class=\"wd-negative-gap elementor-element elementor-element-b6fd351 e-flex e-con-boxed e-con e-parent\" data-id=\"b6fd351\" data-element_type=\"container\">\n\t\t\t\t\t<div class=\"e-con-inner\">\n\t\t<div class=\"elementor-element elementor-element-985fe55 e-con-full e-flex e-con e-child\" data-id=\"985fe55\" data-element_type=\"container\">\n\t\t\t\t<div class=\"elementor-element elementor-element-8bdc7b4 elementor-widget elementor-widget-wd_image_or_svg\" data-id=\"8bdc7b4\" data-element_type=\"widget\" data-widget_type=\"wd_image_or_svg.default\">\n\t\t\t\t<div class=\"elementor-widget-container\">\n\t\t\t\t\t\n\t\t<div class=\"wd-image text-left\">\n\t\t\t\t\t\t\t\t<img loading=\"lazy\" decoding=\"async\" width=\"1240\" height=\"500\" src=\"https:\/\/libreriajustojuez.com\/wp-content\/uploads\/2025\/08\/papeleria-1_66fe77df-9580-4bae-9e3c-4ce0f59fa290.webp\" class=\"attachment-full size-full\" alt=\"\" srcset=\"https:\/\/libreriajustojuez.com\/wp-content\/uploads\/2025\/08\/papeleria-1_66fe77df-9580-4bae-9e3c-4ce0f59fa290.webp 1240w, https:\/\/libreriajustojuez.com\/wp-content\/uploads\/2025\/08\/papeleria-1_66fe77df-9580-4bae-9e3c-4ce0f59fa290-800x323.webp 800w, https:\/\/libreriajustojuez.com\/wp-content\/uploads\/2025\/08\/papeleria-1_66fe77df-9580-4bae-9e3c-4ce0f59fa290-900x363.webp 900w, https:\/\/libreriajustojuez.com\/wp-content\/uploads\/2025\/08\/papeleria-1_66fe77df-9580-4bae-9e3c-4ce0f59fa290-400x161.webp 400w, https:\/\/libreriajustojuez.com\/wp-content\/uploads\/2025\/08\/papeleria-1_66fe77df-9580-4bae-9e3c-4ce0f59fa290-768x310.webp 768w, https:\/\/libreriajustojuez.com\/wp-content\/uploads\/2025\/08\/papeleria-1_66fe77df-9580-4bae-9e3c-4ce0f59fa290-18x7.webp 18w\" sizes=\"auto, (max-width: 1240px) 100vw, 1240px\" \/>\t\t\t\t\t<\/div>\n\n\t\t\t\t\t\t<\/div>\n\t\t\t\t<\/div>\n\t\t\t\t<\/div>\n\t\t<div class=\"elementor-element elementor-element-f85fdbd e-con-full e-flex e-con e-child\" data-id=\"f85fdbd\" data-element_type=\"container\">\n\t\t\t\t<div class=\"elementor-element elementor-element-0674cae elementor-widget elementor-widget-wd_image_or_svg\" data-id=\"0674cae\" data-element_type=\"widget\" data-widget_type=\"wd_image_or_svg.default\">\n\t\t\t\t<div class=\"elementor-widget-container\">\n\t\t\t\t\t\n\t\t<div class=\"wd-image text-left\">\n\t\t\t\t\t\t\t\t<img decoding=\"async\"  src=\"https:\/\/libreriajustojuez.com\/wp-content\/uploads\/2025\/08\/pt-high-quality-min.svg\" title=\"pt-high-quality-min\" loading=\"lazy\" width=\"64\" height=\"64\">\t\t\t\t\t<\/div>\n\n\t\t\t\t\t\t<\/div>\n\t\t\t\t<\/div>\n\t\t\t\t<div class=\"elementor-element elementor-element-98cee2c wd-width-100 elementor-widget elementor-widget-wd_title\" data-id=\"98cee2c\" data-element_type=\"widget\" data-widget_type=\"wd_title.default\">\n\t\t\t\t<div class=\"elementor-widget-container\">\n\t\t\t\t\t\t\t<div class=\"title-wrapper wd-set-mb reset-last-child wd-title-color-default wd-title-style-default wd-title-size-default text-left\">\n\n\t\t\t\n\t\t\t<div class=\"liner-continer\">\n\t\t\t\t<h4 class=\"woodmart-title-container title wd-fontsize-l\">Buenos precios y productos de calidad<\/h4> \n\t\t\t\t\t\t\t<\/div>\n\n\t\t\t\t\t\t\t<div class=\"title-after_title reset-last-child wd-fontsize-xs\">\n\t\t\t\t\t<p>\u00a0<\/p><p>Trabajamos con marcas reconocidas y productos seleccionados para que tengas buena calidad sin sacrificar tu presupuesto. Manejamos opciones para cada bolsillo, combos, kits escolares y ofertas especiales durante todo el a\u00f1o, pensando en estudiantes, docentes, empresas y familias.<\/p>\t\t\t\t<\/div>\n\t\t\t\t\t<\/div>\n\t\t\t\t\t\t<\/div>\n\t\t\t\t<\/div>\n\t\t\t\t<\/div>\n\t\t\t\t\t<\/div>\n\t\t\t\t<\/div>\n\t\t\t\t<section class=\"wd-negative-gap elementor-section elementor-top-section elementor-element elementor-element-86c5f62 wd-section-stretch-content elementor-section-boxed elementor-section-height-default elementor-section-height-default\" data-id=\"86c5f62\" data-element_type=\"section\">\n\t\t\t\t\t\t<div class=\"elementor-container elementor-column-gap-no\">\n\t\t\t\t\t<div class=\"elementor-column elementor-col-50 elementor-top-column elementor-element elementor-element-4df9ed8f\" data-id=\"4df9ed8f\" data-element_type=\"column\">\n\t\t\t<div class=\"elementor-widget-wrap elementor-element-populated\">\n\t\t\t\t\t\t<div class=\"elementor-element elementor-element-e597b35 elementor-widget elementor-widget-image\" data-id=\"e597b35\" data-element_type=\"widget\" data-widget_type=\"image.default\">\n\t\t\t\t\t\t\t\t\t\t\t\t\t\t\t<img loading=\"lazy\" decoding=\"async\" width=\"1200\" height=\"1600\" src=\"https:\/\/libreriajustojuez.com\/wp-content\/uploads\/2025\/12\/WhatsApp-Image-2025-12-06-at-10.14.13-AM.jpeg\" class=\"attachment-full size-full wp-image-3224\" alt=\"\" srcset=\"https:\/\/libreriajustojuez.com\/wp-content\/uploads\/2025\/12\/WhatsApp-Image-2025-12-06-at-10.14.13-AM.jpeg 1200w, https:\/\/libreriajustojuez.com\/wp-content\/uploads\/2025\/12\/WhatsApp-Image-2025-12-06-at-10.14.13-AM-800x1067.jpeg 800w, https:\/\/libreriajustojuez.com\/wp-content\/uploads\/2025\/12\/WhatsApp-Image-2025-12-06-at-10.14.13-AM-675x900.jpeg 675w, https:\/\/libreriajustojuez.com\/wp-content\/uploads\/2025\/12\/WhatsApp-Image-2025-12-06-at-10.14.13-AM-225x300.jpeg 225w, https:\/\/libreriajustojuez.com\/wp-content\/uploads\/2025\/12\/WhatsApp-Image-2025-12-06-at-10.14.13-AM-600x800.jpeg 600w, https:\/\/libreriajustojuez.com\/wp-content\/uploads\/2025\/12\/WhatsApp-Image-2025-12-06-at-10.14.13-AM-768x1024.jpeg 768w, https:\/\/libreriajustojuez.com\/wp-content\/uploads\/2025\/12\/WhatsApp-Image-2025-12-06-at-10.14.13-AM-1152x1536.jpeg 1152w, https:\/\/libreriajustojuez.com\/wp-content\/uploads\/2025\/12\/WhatsApp-Image-2025-12-06-at-10.14.13-AM-9x12.jpeg 9w\" sizes=\"auto, (max-width: 1200px) 100vw, 1200px\" \/>\t\t\t\t\t\t\t\t\t\t\t\t\t\t\t<\/div>\n\t\t\t\t\t<\/div>\n\t\t<\/div>\n\t\t\t\t<div class=\"elementor-column elementor-col-50 elementor-top-column elementor-element elementor-element-4617b01a wd-elementor-sticky-column wd_sticky_offset_150\" data-id=\"4617b01a\" data-element_type=\"column\">\n\t\t\t<div class=\"elementor-widget-wrap elementor-element-populated\">\n\t\t\t\t\t\t<section class=\"wd-negative-gap elementor-section elementor-inner-section elementor-element elementor-element-2f5ad19e elementor-section-boxed elementor-section-height-default elementor-section-height-default\" data-id=\"2f5ad19e\" data-element_type=\"section\">\n\t\t\t\t\t\t<div class=\"elementor-container elementor-column-gap-default\">\n\t\t\t\t\t<div class=\"elementor-column elementor-col-100 elementor-inner-column elementor-element elementor-element-242b414a\" data-id=\"242b414a\" data-element_type=\"column\">\n\t\t\t<div class=\"elementor-widget-wrap elementor-element-populated\">\n\t\t\t\t\t\t<div class=\"elementor-element elementor-element-2235e9ee wd-width-100 elementor-widget elementor-widget-wd_title\" data-id=\"2235e9ee\" data-element_type=\"widget\" data-widget_type=\"wd_title.default\">\n\t\t\t\t<div class=\"elementor-widget-container\">\n\t\t\t\t\t\t\t<div class=\"title-wrapper wd-set-mb reset-last-child wd-title-color-default wd-title-style-default wd-title-size-extra-large text-left\">\n\n\t\t\t\n\t\t\t<div class=\"liner-continer\">\n\t\t\t\t<h4 class=\"woodmart-title-container title wd-fontsize-xxxl\"><p><strong>Bajo la mirada de Cristo Justo Juez<\/strong><\/p><\/h4> \n\t\t\t\t\t\t\t<\/div>\n\n\t\t\t\t\t<\/div>\n\t\t\t\t\t\t<\/div>\n\t\t\t\t<\/div>\n\t\t\t\t<div class=\"elementor-element elementor-element-31aa8068 elementor-widget elementor-widget-wd_text_block\" data-id=\"31aa8068\" data-element_type=\"widget\" data-widget_type=\"wd_text_block.default\">\n\t\t\t\t<div class=\"elementor-widget-container\">\n\t\t\t\t\t\t\t<div class=\"wd-text-block reset-last-child text-left color-title\">\n\t\t\t\n\t\t\t<p><span style=\"font-size: 24px;\">En Librer\u00eda Justo Juez creemos que el trabajo bien hecho tambi\u00e9n es una forma de honrar a Dios.<\/span><\/p>\n\t\t\t\t\t<\/div>\n\t\t\t\t\t\t<\/div>\n\t\t\t\t<\/div>\n\t\t\t\t<div class=\"elementor-element elementor-element-77afd51c elementor-widget elementor-widget-wd_text_block\" data-id=\"77afd51c\" data-element_type=\"widget\" data-widget_type=\"wd_text_block.default\">\n\t\t\t\t<div class=\"elementor-widget-container\">\n\t\t\t\t\t\t\t<div class=\"wd-text-block reset-last-child text-left\">\n\t\t\t\n\t\t\t<p><span style=\"font-size: 15px;\">La imagen de <\/span><strong style=\"font-size: 15px;\" data-start=\"422\" data-end=\"443\">Cristo Justo Juez<\/strong><span style=\"font-size: 15px;\"> nos recuerda cada d\u00eda que debemos servir con honestidad, trato justo y respeto hacia cada persona que entra a la librer\u00eda: estudiantes, maestros, padres de familia, empresas y amigos de la comunidad.<\/span><\/p><p><br \/>Ponemos nuestro trabajo y cada proyecto en las manos de Cristo Justo Juez, pidi\u00e9ndole sabidur\u00eda para seguir sirviendo a nuestra comunidad con integridad, responsabilidad y amor.<\/p>\n\t\t\t\t\t<\/div>\n\t\t\t\t\t\t<\/div>\n\t\t\t\t<\/div>\n\t\t\t\t\t<\/div>\n\t\t<\/div>\n\t\t\t\t\t<\/div>\n\t\t<\/section>\n\t\t\t\t\t<\/div>\n\t\t<\/div>\n\t\t\t\t\t<\/div>\n\t\t<\/section>\n\t\t\t\t<\/div>","protected":false},"excerpt":{"rendered":"<p>Sobre nosotros HomeP\u00e1gina Librer\u00eda Justo Juez, mucho m\u00e1s que una librer\u00eda Librer\u00eda Justo Juez nace con el deseo de acompa\u00f1ar<\/p>","protected":false},"author":1,"featured_media":0,"parent":0,"menu_order":0,"comment_status":"closed","ping_status":"closed","template":"","meta":{"footnotes":""},"class_list":["post-18","page","type-page","status-publish","hentry"],"_hostinger_reach_plugin_has_subscription_block":false,"_hostinger_reach_plugin_is_elementor":false,"_links":{"self":[{"href":"https:\/\/libreriajustojuez.com\/en\/wp-json\/wp\/v2\/pages\/18","targetHints":{"allow":["GET"]}}],"collection":[{"href":"https:\/\/libreriajustojuez.com\/en\/wp-json\/wp\/v2\/pages"}],"about":[{"href":"https:\/\/libreriajustojuez.com\/en\/wp-json\/wp\/v2\/types\/page"}],"author":[{"embeddable":true,"href":"https:\/\/libreriajustojuez.com\/en\/wp-json\/wp\/v2\/users\/1"}],"replies":[{"embeddable":true,"href":"https:\/\/libreriajustojuez.com\/en\/wp-json\/wp\/v2\/comments?post=18"}],"version-history":[{"count":7,"href":"https:\/\/libreriajustojuez.com\/en\/wp-json\/wp\/v2\/pages\/18\/revisions"}],"predecessor-version":[{"id":3317,"href":"https:\/\/libreriajustojuez.com\/en\/wp-json\/wp\/v2\/pages\/18\/revisions\/3317"}],"wp:attachment":[{"href":"https:\/\/libreriajustojuez.com\/en\/wp-json\/wp\/v2\/media?parent=18"}],"curies":[{"name":"wp","href":"https:\/\/api.w.org\/{rel}","templated":true}]}}